
{"id":154,"date":"2018-06-05T16:01:20","date_gmt":"2018-06-05T16:01:20","guid":{"rendered":"http:\/\/palaveri.fi\/?page_id=154"},"modified":"2018-06-05T16:33:02","modified_gmt":"2018-06-05T16:33:02","slug":"aanentoisto","status":"publish","type":"page","link":"http:\/\/palaveri.fi\/?page_id=154","title":{"rendered":"\u00c4\u00e4nentoisto"},"content":{"rendered":"<p><strong>Palaverissa on \u00e4\u00e4nentoistolaitteisto, jota b\u00e4ndit voivat halutessaan k\u00e4ytt\u00e4\u00e4.<\/strong><\/p>\n<p>Mikseri: YAMAHA MG 166 CX<br \/>\nP\u00e4\u00e4tevahvistin: THE T.AMP TA 1050 MK-X<br \/>\nMonitorit: 2 x THE BOX PA 202L&amp;R AUDIO<br \/>\nPA: 4 x L&amp;R INSTALL 10.2 HI 2 x L&amp;R SUB 18&#8221; LOW<br \/>\nLangattomat mikrofonit: THE T.BONE TWS16HT 800MHZ, THE T.BONE TWS16HT 863MHZ<br \/>\nValot: VARYTEC LED PAR 56 BUNDLE<br \/>\nKaukokaapeli 20m<br \/>\nLG DVD-soitin<\/p>\n<p><img loading=\"lazy\" decoding=\"async\" class=\"alignleft size-large wp-image-148\" src=\"http:\/\/palaveri.fi\/wp-content\/uploads\/2018\/06\/mikseri3-1024x775.png\" alt=\"\" width=\"640\" height=\"484\" srcset=\"http:\/\/palaveri.fi\/wp-content\/uploads\/2018\/06\/mikseri3-1024x775.png 1024w, http:\/\/palaveri.fi\/wp-content\/uploads\/2018\/06\/mikseri3-300x227.png 300w, http:\/\/palaveri.fi\/wp-content\/uploads\/2018\/06\/mikseri3-768x581.png 768w, http:\/\/palaveri.fi\/wp-content\/uploads\/2018\/06\/mikseri3.png 1800w\" sizes=\"(max-width: 640px) 100vw, 640px\" \/><\/p>\n<table width=\"100%\" border=\"0\">\n<tr>\n<td>&nbsp;<\/td>\n<\/tr>\n<tr>\n<td>&nbsp;<\/td>\n<\/tr>\n<tr>\n<td>&nbsp;<\/td>\n<\/tr>\n<tr>\n<td>&nbsp;<\/td>\n<\/tr>\n<tr>\n<td>&nbsp;<\/td>\n<\/tr>\n<tr>\n<td>&nbsp;<\/td>\n<\/tr>\n<tr>\n<td>&nbsp;<\/td>\n<\/tr>\n<tr>\n<td>&nbsp;<\/td>\n<\/tr>\n<\/table>\n","protected":false},"excerpt":{"rendered":"<p>Palaverissa on \u00e4\u00e4nentoistolaitteisto, jota b\u00e4ndit voivat halutessaan k\u00e4ytt\u00e4\u00e4. Mikseri: YAMAHA MG 166 CX P\u00e4\u00e4tevahvistin: THE T.AMP TA 1050 MK-X Monitorit: 2 x THE BOX PA 202L&amp;R AUDIO PA: 4 x L&amp;R INSTALL 10.2 HI 2 x L&amp;R SUB 18&#8221; LOW Langattomat mikrofonit: THE T.BONE TWS16HT 800MHZ, THE T.BONE TWS16HT 863MHZ Valot: VARYTEC LED PAR 56&#46;&#46;&#46;<\/p>\n","protected":false},"author":1,"featured_media":0,"parent":0,"menu_order":0,"comment_status":"closed","ping_status":"closed","template":"","meta":{"footnotes":""},"class_list":["post-154","page","type-page","status-publish","hentry"],"_links":{"self":[{"href":"http:\/\/palaveri.fi\/index.php?rest_route=\/wp\/v2\/pages\/154"}],"collection":[{"href":"http:\/\/palaveri.fi\/index.php?rest_route=\/wp\/v2\/pages"}],"about":[{"href":"http:\/\/palaveri.fi\/index.php?rest_route=\/wp\/v2\/types\/page"}],"author":[{"embeddable":true,"href":"http:\/\/palaveri.fi\/index.php?rest_route=\/wp\/v2\/users\/1"}],"replies":[{"embeddable":true,"href":"http:\/\/palaveri.fi\/index.php?rest_route=%2Fwp%2Fv2%2Fcomments&post=154"}],"version-history":[{"count":6,"href":"http:\/\/palaveri.fi\/index.php?rest_route=\/wp\/v2\/pages\/154\/revisions"}],"predecessor-version":[{"id":169,"href":"http:\/\/palaveri.fi\/index.php?rest_route=\/wp\/v2\/pages\/154\/revisions\/169"}],"wp:attachment":[{"href":"http:\/\/palaveri.fi\/index.php?rest_route=%2Fwp%2Fv2%2Fmedia&parent=154"}],"curies":[{"name":"wp","href":"https:\/\/api.w.org\/{rel}","templated":true}]}}